{"id":3608,"date":"2024-09-29T00:25:25","date_gmt":"2024-09-29T05:25:25","guid":{"rendered":"https:\/\/tjnailsupply.com\/en\/?post_type=product&#038;p=3608"},"modified":"2024-09-29T00:25:25","modified_gmt":"2024-09-29T05:25:25","slug":"crystals-jelly-spa-foot-soak-foot-bath-salt","status":"publish","type":"product","link":"https:\/\/tjnailsupply.com\/vi\/san-pham\/goi-ngam-chan-tay-te-bao-chet-jelly-spa\/","title":{"rendered":"G\u00f3i ng\u00e2m ch\u00e2n t\u1ea9y t\u1ebf b\u00e0o ch\u1ebft Jelly Spa"},"content":{"rendered":"","protected":false},"excerpt":{"rendered":"<p>G\u00f3i ng\u00e2m ch\u00e2n Jelly Spa t\u1ea9y t\u1ebf b\u00e0o ch\u1ebft &#8211; MUA 10 T\u1eb6NG 01<\/p>\n","protected":false},"featured_media":3609,"comment_status":"open","ping_status":"closed","template":"","meta":[],"product_cat":[15],"product_tag":[],"_links":{"self":[{"href":"https:\/\/tjnailsupply.com\/vi\/wp-json\/wp\/v2\/product\/3608"}],"collection":[{"href":"https:\/\/tjnailsupply.com\/vi\/wp-json\/wp\/v2\/product"}],"about":[{"href":"https:\/\/tjnailsupply.com\/vi\/wp-json\/wp\/v2\/types\/product"}],"replies":[{"embeddable":true,"href":"https:\/\/tjnailsupply.com\/vi\/wp-json\/wp\/v2\/comments?post=3608"}],"wp:featuredmedia":[{"embeddable":true,"href":"https:\/\/tjnailsupply.com\/vi\/wp-json\/wp\/v2\/media\/3609"}],"wp:attachment":[{"href":"https:\/\/tjnailsupply.com\/vi\/wp-json\/wp\/v2\/media?parent=3608"}],"wp:term":[{"taxonomy":"product_cat","embeddable":true,"href":"https:\/\/tjnailsupply.com\/vi\/wp-json\/wp\/v2\/product_cat?post=3608"},{"taxonomy":"product_tag","embeddable":true,"href":"https:\/\/tjnailsupply.com\/vi\/wp-json\/wp\/v2\/product_tag?post=3608"}],"curies":[{"name":"wp","href":"https:\/\/api.w.org\/{rel}","templated":true}]}}