{"id":3505,"date":"2024-07-02T00:46:15","date_gmt":"2024-07-02T05:46:15","guid":{"rendered":"https:\/\/tjnailsupply.com\/en\/?post_type=product&#038;p=3505"},"modified":"2024-07-02T00:48:54","modified_gmt":"2024-07-02T05:48:54","slug":"opi-summer-2024-full-collection","status":"publish","type":"product","link":"https:\/\/tjnailsupply.com\/vi\/san-pham\/opi-summer-2024-full-collection\/","title":{"rendered":"OPI &#8211; Summer 2024 Full Collection"},"content":{"rendered":"","protected":false},"excerpt":{"rendered":"<p>N\u00e2ng t\u1ea7m phong c\u00e1ch m\u00f3ng tay c\u1ee7a b\u1ea1n m\u00f9a h\u00e8 n\u00e0y v\u1edbi B\u1ed9 S\u01b0u T\u1eadp <strong>OPI Summer 2024 Complete Collection<\/strong>. B\u1ed9 s\u01b0u t\u1eadp n\u00e0y gi\u1edbi thi\u1ec7u 12 s\u1eafc m\u00e0u m\u1edbi tuy\u1ec7t \u0111\u1eb9p, c\u00f3 s\u1eb5n d\u01b0\u1edbi d\u1ea1ng gel, infinite shine v\u00e0 s\u01a1n m\u00f3ng tay, mang \u0111\u1ebfn m\u1ed9t v\u1ebb ngo\u00e0i t\u01b0\u01a1i m\u1edbi v\u00e0 s\u1ed1ng \u0111\u1ed9ng cho b\u1ea1n.<\/p>\n","protected":false},"featured_media":3506,"comment_status":"open","ping_status":"closed","template":"","meta":[],"product_cat":[15],"product_tag":[192,190],"_links":{"self":[{"href":"https:\/\/tjnailsupply.com\/vi\/wp-json\/wp\/v2\/product\/3505"}],"collection":[{"href":"https:\/\/tjnailsupply.com\/vi\/wp-json\/wp\/v2\/product"}],"about":[{"href":"https:\/\/tjnailsupply.com\/vi\/wp-json\/wp\/v2\/types\/product"}],"replies":[{"embeddable":true,"href":"https:\/\/tjnailsupply.com\/vi\/wp-json\/wp\/v2\/comments?post=3505"}],"wp:featuredmedia":[{"embeddable":true,"href":"https:\/\/tjnailsupply.com\/vi\/wp-json\/wp\/v2\/media\/3506"}],"wp:attachment":[{"href":"https:\/\/tjnailsupply.com\/vi\/wp-json\/wp\/v2\/media?parent=3505"}],"wp:term":[{"taxonomy":"product_cat","embeddable":true,"href":"https:\/\/tjnailsupply.com\/vi\/wp-json\/wp\/v2\/product_cat?post=3505"},{"taxonomy":"product_tag","embeddable":true,"href":"https:\/\/tjnailsupply.com\/vi\/wp-json\/wp\/v2\/product_tag?post=3505"}],"curies":[{"name":"wp","href":"https:\/\/api.w.org\/{rel}","templated":true}]}}