{"id":3430,"date":"2024-06-23T14:08:33","date_gmt":"2024-06-23T14:08:33","guid":{"rendered":"https:\/\/tjnailsupply.com\/?post_type=product&#038;p=3430"},"modified":"2024-11-20T09:12:44","modified_gmt":"2024-11-20T14:12:44","slug":"mieng-lot-bon-ngam-chan","status":"publish","type":"product","link":"https:\/\/tjnailsupply.com\/vi\/san-pham\/mieng-lot-bon-ngam-chan\/","title":{"rendered":"Mi\u1ebfng l\u00f3t b\u1ed3n ng\u00e2m ch\u00e2n"},"content":{"rendered":"","protected":false},"excerpt":{"rendered":"<p>Mi\u1ebfng l\u00f3t b\u1ed3n ng\u00e2m ch\u00e2n m\u00e0u xanh (400 c\u00e1i \/ th\u00f9ng) | Mua 10 t\u1eb7ng 01<\/p>\n<p>Gi\u00e1 t\u1ea1i kho: $20 \/ th\u00f9ng<\/p>\n<p>&nbsp;<\/p>\n","protected":false},"featured_media":3431,"comment_status":"open","ping_status":"closed","template":"","meta":[],"product_cat":[15],"product_tag":[197],"_links":{"self":[{"href":"https:\/\/tjnailsupply.com\/vi\/wp-json\/wp\/v2\/product\/3430"}],"collection":[{"href":"https:\/\/tjnailsupply.com\/vi\/wp-json\/wp\/v2\/product"}],"about":[{"href":"https:\/\/tjnailsupply.com\/vi\/wp-json\/wp\/v2\/types\/product"}],"replies":[{"embeddable":true,"href":"https:\/\/tjnailsupply.com\/vi\/wp-json\/wp\/v2\/comments?post=3430"}],"wp:featuredmedia":[{"embeddable":true,"href":"https:\/\/tjnailsupply.com\/vi\/wp-json\/wp\/v2\/media\/3431"}],"wp:attachment":[{"href":"https:\/\/tjnailsupply.com\/vi\/wp-json\/wp\/v2\/media?parent=3430"}],"wp:term":[{"taxonomy":"product_cat","embeddable":true,"href":"https:\/\/tjnailsupply.com\/vi\/wp-json\/wp\/v2\/product_cat?post=3430"},{"taxonomy":"product_tag","embeddable":true,"href":"https:\/\/tjnailsupply.com\/vi\/wp-json\/wp\/v2\/product_tag?post=3430"}],"curies":[{"name":"wp","href":"https:\/\/api.w.org\/{rel}","templated":true}]}}