{"id":2609,"date":"2020-12-25T16:42:29","date_gmt":"2020-12-25T16:42:29","guid":{"rendered":"http:\/\/cerahome.localhost\/?page_id=2609"},"modified":"2024-07-16T04:01:28","modified_gmt":"2024-07-16T09:01:28","slug":"gioi-thieu","status":"publish","type":"page","link":"https:\/\/tjnailsupply.com\/vi\/gioi-thieu\/","title":{"rendered":"Gi\u1edbi thi\u1ec7u"},"content":{"rendered":"<div class=\"wpb-content-wrapper\"><p>[vc_row wrap_container=&#8221;yes&#8221; el_class=&#8221;pb-5 overflow-hidden&#8221; conditional_render=&#8221;%5B%7B%22value_role%22%3A%22administrator%22%7D%5D&#8221;][vc_column][vc_column_text css=&#8221;&#8221;]N\u1eb1m \u1edf trung t\u00e2m Birmingham, Alabama, <strong>T&amp;J Nail Suppl<\/strong>y l\u00e0 \u0111i\u1ec3m \u0111\u1ebfn uy t\u00edn cho ngu\u1ed3n cung c\u1ea5p l\u00e0m m\u00f3ng cho c\u00e1c ti\u1ec7m nail (wholesale nail supply) \u1edf Hoa K\u1ef3. V\u1edbi cam k\u1ebft s\u00e2u s\u1eafc v\u1ec1 ch\u1ea5t l\u01b0\u1ee3ng, gi\u00e1 c\u1ea3 ph\u1ea3i ch\u0103ng v\u00e0 d\u1ecbch v\u1ee5 kh\u00e1ch h\u00e0ng xu\u1ea5t s\u1eafc, ch\u00fang t\u00f4i ph\u1ee5c v\u1ee5 c\u00e1c ti\u1ec7m nail, tr\u01b0\u1eddng d\u1ea1y l\u00e0m \u0111\u1eb9p, k\u1ef9 thu\u1eadt vi\u00ean nail \u0111\u1ed9c l\u1eadp v\u00e0 c\u00e1c chuy\u00ean gia l\u00e0m \u0111\u1eb9p kh\u00e1c tr\u00ean to\u00e0n qu\u1ed1c. Ph\u1ea1m vi s\u1ea3n ph\u1ea9m phong ph\u00fa c\u1ee7a ch\u00fang t\u00f4i \u0111\u1ea3m b\u1ea3o r\u1eb1ng b\u1ea1n s\u1ebd t\u00ecm th\u1ea5y m\u1ecdi th\u1ee9 b\u1ea1n c\u1ea7n \u0111\u1ec3 gi\u1eef cho kh\u00e1ch h\u00e0ng c\u1ee7a m\u00ecnh h\u00e0i l\u00f2ng v\u00e0 doanh nghi\u1ec7p c\u1ee7a b\u1ea1n ph\u00e1t tri\u1ec3n.<\/p>\n<p><strong>H\u00e0nh Tr\u00ecnh C\u1ee7a Ch\u00fang T\u00f4i<\/strong><\/p>\n<p>H\u00e0nh tr\u00ecnh c\u1ee7a ch\u00fang t\u00f4i b\u1eaft \u0111\u1ea7u v\u1edbi m\u1ed9t s\u1ee9 m\u1ec7nh \u0111\u01a1n gi\u1ea3n: cung c\u1ea5p c\u00e1c s\u1ea3n ph\u1ea9m nail ch\u1ea5t l\u01b0\u1ee3ng cao v\u1edbi gi\u00e1 c\u1ea3 c\u1ea1nh tranh, \u0111\u1ea3m b\u1ea3o r\u1eb1ng m\u1ecdi chuy\u00ean gia trong ng\u00e0nh \u0111\u1ec1u c\u00f3 quy\u1ec1n ti\u1ebfp c\u1eadn v\u1edbi c\u00e1c s\u1ea3n ph\u1ea9m t\u1ed1t nh\u1ea5t. Qua nhi\u1ec1u n\u0103m, ch\u00fang t\u00f4i \u0111\u00e3 ph\u00e1t tri\u1ec3n t\u1eeb m\u1ed9t nh\u00e0 cung c\u1ea5p \u0111\u1ecba ph\u01b0\u01a1ng nh\u1ecf tr\u1edf th\u00e0nh m\u1ed9t t\u00ean tu\u1ed5i \u0111\u00e1ng tin c\u1eady trong ng\u00e0nh wholesale nail supply, ph\u1ee5c v\u1ee5 kh\u00e1ch h\u00e0ng tr\u00ean to\u00e0n n\u01b0\u1edbc M\u1ef9. S\u1ef1 ph\u00e1t tri\u1ec3n c\u1ee7a ch\u00fang t\u00f4i l\u00e0 minh ch\u1ee9ng cho cam k\u1ebft kh\u00f4ng ng\u1eebng ngh\u1ec9 v\u1ec1 ch\u1ea5t l\u01b0\u1ee3ng v\u00e0 s\u1ef1 h\u00e0i l\u00f2ng c\u1ee7a kh\u00e1ch h\u00e0ng.<\/p>\n<p><strong>Ph\u1ea1m Vi S\u1ea3n Ph\u1ea9m<\/strong><\/p>\n<p>Ch\u00fang t\u00f4i cung c\u1ea5p m\u1ed9t lo\u1ea1t c\u00e1c s\u1ea3n ph\u1ea9m \u0111\u1ec3 \u0111\u00e1p \u1ee9ng t\u1ea5t c\u1ea3 c\u00e1c nhu c\u1ea7u ch\u0103m s\u00f3c m\u00f3ng c\u1ee7a b\u1ea1n. T\u1eeb nh\u1eefng v\u1eadt d\u1ee5ng c\u01a1 b\u1ea3n nh\u01b0 d\u0169a m\u00f3ng, buffer v\u00e0 k\u1ec1m c\u1eaft m\u00f3ng \u0111\u1ebfn c\u00e1c s\u1ea3n ph\u1ea9m cao c\u1ea5p nh\u01b0 \u0111\u00e8n UV\/LED, m\u00e1y m\u00e0i m\u00f3ng chuy\u00ean nghi\u1ec7p v\u00e0 d\u1ee5ng c\u1ee5 v\u1ebd m\u00f3ng ti\u00ean ti\u1ebfn, ch\u00fang t\u00f4i \u0111\u1ec1u c\u00f3 \u0111\u1ee7. Danh m\u1ee5c s\u1ea3n ph\u1ea9m c\u1ee7a ch\u00fang t\u00f4i bao g\u1ed3m:<\/p>\n<ul>\n<li><strong>S\u01a1n M\u00f3ng v\u00e0 Gel<\/strong>: Ch\u00fang t\u00f4i cung c\u1ea5p nhi\u1ec1u lo\u1ea1i s\u01a1n m\u00f3ng, gel v\u00e0 acrylic t\u1eeb c\u00e1c th\u01b0\u01a1ng hi\u1ec7u h\u00e0ng \u0111\u1ea7u, \u0111\u1ea3m b\u1ea3o r\u1eb1ng b\u1ea1n c\u00f3 quy\u1ec1n ti\u1ebfp c\u1eadn v\u1edbi c\u00e1c m\u00e0u s\u1eafc v\u00e0 c\u00f4ng th\u1ee9c m\u1edbi nh\u1ea5t.<\/li>\n<li><strong>D\u1ee5ng C\u1ee5 Ngh\u1ec7 Thu\u1eadt L\u00e0m M\u00f3ng<\/strong>: B\u1ed9 s\u01b0u t\u1eadp d\u1ee5ng c\u1ee5 ngh\u1ec7 thu\u1eadt l\u00e0m m\u00f3ng c\u1ee7a ch\u00fang t\u00f4i bao g\u1ed3m m\u1ecdi th\u1ee9 t\u1eeb c\u1ecd v\u1ebd, decal v\u00e0 sticker \u0111\u1ebfn kim tuy\u1ebfn, \u0111\u00e1 rhinestone v\u00e0 gi\u1ea5y b\u1ea1c, cho ph\u00e9p b\u1ea1n t\u1ea1o ra nh\u1eefng thi\u1ebft k\u1ebf tuy\u1ec7t \u0111\u1eb9p.<\/li>\n<li><strong>D\u1ee5ng C\u1ee5 Ch\u0103m S\u00f3c M\u00f3ng Tay v\u00e0 Ch\u00e2n<\/strong>: Ch\u00fang t\u00f4i cung c\u1ea5p m\u1ed9t lo\u1ea1t c\u00e1c d\u1ee5ng c\u1ee5 ch\u0103m s\u00f3c m\u00f3ng tay v\u00e0 ch\u00e2n, bao g\u1ed3m d\u1ee5ng c\u1ee5 \u0111\u1ea9y bi\u1ec3u b\u00ec, k\u1ec1m c\u1eaft bi\u1ec3u b\u00ec, dung d\u1ecbch ng\u00e2m v\u00e0 c\u00e1c s\u1ea3n ph\u1ea9m ch\u0103m s\u00f3c ch\u00e2n.<\/li>\n<li><strong>Thi\u1ebft B\u1ecb Ti\u1ec7m Nail<\/strong>: \u0110\u1ed1i v\u1edbi nh\u1eefng ng\u01b0\u1eddi mu\u1ed1n thi\u1ebft l\u1eadp ho\u1eb7c n\u00e2ng c\u1ea5p ti\u1ec7m nail c\u1ee7a m\u00ecnh, ch\u00fang t\u00f4i cung c\u1ea5p c\u00e1c gh\u1ebf, b\u00e0n, \u0111\u00e8n v\u00e0 gi\u1ea3i ph\u00e1p l\u01b0u tr\u1eef ch\u1ea5t l\u01b0\u1ee3ng cao \u0111\u01b0\u1ee3c thi\u1ebft k\u1ebf v\u1eeba ch\u1ee9c n\u0103ng v\u1eeba th\u1ea9m m\u1ef9.<\/li>\n<\/ul>\n<p><strong>\u0110\u1ea3m B\u1ea3o Ch\u1ea5t L\u01b0\u1ee3ng<\/strong><\/p>\n<p>Ch\u1ea5t l\u01b0\u1ee3ng l\u00e0 c\u1ed1t l\u00f5i c\u1ee7a m\u1ecdi vi\u1ec7c ch\u00fang t\u00f4i l\u00e0m. Ch\u00fang t\u00f4i hi\u1ec3u r\u1eb1ng s\u1ef1 th\u00e0nh c\u00f4ng c\u1ee7a doanh nghi\u1ec7p b\u1ea1n ph\u1ee5 thu\u1ed9c v\u00e0o \u0111\u1ed9 tin c\u1eady c\u1ee7a c\u00e1c s\u1ea3n ph\u1ea9m b\u1ea1n s\u1eed d\u1ee5ng, \u0111\u00f3 l\u00e0 l\u00fd do t\u1ea1i sao ch\u00fang t\u00f4i ch\u1ecdn ngu\u1ed3n cung c\u1ea5p t\u1eeb c\u00e1c nh\u00e0 s\u1ea3n xu\u1ea5t uy t\u00edn. M\u1ed7i s\u1ea3n ph\u1ea9m \u0111\u1ec1u tr\u1ea3i qua qu\u00e1 tr\u00ecnh ki\u1ec3m tra nghi\u00eam ng\u1eb7t \u0111\u1ec3 \u0111\u1ea3m b\u1ea3o n\u00f3 \u0111\u00e1p \u1ee9ng c\u00e1c ti\u00eau chu\u1ea9n cao c\u1ee7a ch\u00fang t\u00f4i tr\u01b0\u1edbc khi \u0111\u1ebfn tay b\u1ea1n. Cam k\u1ebft c\u1ee7a ch\u00fang t\u00f4i v\u1ec1 ch\u1ea5t l\u01b0\u1ee3ng kh\u00f4ng ch\u1ec9 d\u1eebng l\u1ea1i \u1edf s\u1ea3n ph\u1ea9m m\u00e0 c\u00f2n \u1edf d\u1ecbch v\u1ee5 kh\u00e1ch h\u00e0ng c\u1ee7a ch\u00fang t\u00f4i, \u0111\u1ea3m b\u1ea3o r\u1eb1ng b\u1ea1n nh\u1eadn \u0111\u01b0\u1ee3c s\u1ef1 h\u1ed7 tr\u1ee3 v\u00e0 gi\u00fap \u0111\u1ee1 c\u1ea7n thi\u1ebft trong m\u1ecdi b\u01b0\u1edbc \u0111i.<\/p>\n<p><strong>Gi\u00e1 C\u1ea3 C\u1ea1nh Tranh<\/strong><\/p>\n<p>Trong ng\u00e0nh l\u00e0m \u0111\u1eb9p c\u1ea1nh tranh, gi\u00e1 c\u1ea3 ph\u1ea3i ch\u0103ng l\u00e0 y\u1ebfu t\u1ed1 then ch\u1ed1t. Ch\u00fang t\u00f4i c\u1ed1 g\u1eafng cung c\u1ea5p c\u00e1c s\u1ea3n ph\u1ea9m c\u1ee7a m\u00ecnh v\u1edbi gi\u00e1 c\u1ea3 c\u1ea1nh tranh nh\u1ea5t m\u00e0 kh\u00f4ng l\u00e0m gi\u1ea3m ch\u1ea5t l\u01b0\u1ee3ng. B\u1eb1ng c\u00e1ch mua h\u00e0ng s\u1ed1 l\u01b0\u1ee3ng l\u1edbn v\u00e0 duy tr\u00ec m\u1ed1i quan h\u1ec7 m\u1ea1nh m\u1ebd v\u1edbi c\u00e1c nh\u00e0 cung c\u1ea5p, ch\u00fang t\u00f4i c\u00f3 th\u1ec3 chuy\u1ec3n kho\u1ea3n ti\u1ebft ki\u1ec7m n\u00e0y \u0111\u1ebfn b\u1ea1n, gi\u00fap b\u1ea1n t\u1ed1i \u0111a h\u00f3a l\u1ee3i nhu\u1eadn.<\/p>\n<p><strong>D\u1ecbch V\u1ee5 Kh\u00e1ch H\u00e0ng<\/strong><\/p>\n<p>\u0110\u1ed9i ng\u0169 d\u1ecbch v\u1ee5 kh\u00e1ch h\u00e0ng c\u1ee7a ch\u00fang t\u00f4i cam k\u1ebft cung c\u1ea5p cho b\u1ea1n tr\u1ea3i nghi\u1ec7m mua s\u1eafm t\u1ed1t nh\u1ea5t. D\u00f9 b\u1ea1n c\u00f3 c\u00e2u h\u1ecfi v\u1ec1 s\u1ea3n ph\u1ea9m, c\u1ea7n h\u1ed7 tr\u1ee3 v\u1edbi \u0111\u01a1n h\u00e0ng hay c\u1ea7n h\u01b0\u1edbng d\u1eabn v\u1ec1 vi\u1ec7c thi\u1ebft l\u1eadp ti\u1ec7m nail c\u1ee7a m\u00ecnh, \u0111\u1ed9i ng\u0169 nh\u00e2n vi\u00ean th\u00e2n thi\u1ec7n v\u00e0 am hi\u1ec3u c\u1ee7a ch\u00fang t\u00f4i lu\u00f4n s\u1eb5n s\u00e0ng gi\u00fap \u0111\u1ee1. Ch\u00fang t\u00f4i cung c\u1ea5p d\u1ecbch v\u1ee5 v\u1eadn chuy\u1ec3n nhanh ch\u00f3ng v\u00e0 \u0111\u00e1ng tin c\u1eady, \u0111\u1ea3m b\u1ea3o r\u1eb1ng \u0111\u01a1n h\u00e0ng c\u1ee7a b\u1ea1n \u0111\u1ebfn \u0111\u00fang th\u1eddi gian.<\/p>\n<p><strong>H\u1ed7 Tr\u1ee3 S\u1ef1 Th\u00e0nh C\u00f4ng C\u1ee7a B\u1ea1n<\/strong><\/p>\n<p>Ch\u00fang t\u00f4i tin r\u1eb1ng s\u1ef1 th\u00e0nh c\u00f4ng c\u1ee7a ch\u00fang t\u00f4i g\u1eafn li\u1ec1n v\u1edbi s\u1ef1 th\u00e0nh c\u00f4ng c\u1ee7a b\u1ea1n. \u0110\u00f3 l\u00e0 l\u00fd do t\u1ea1i sao ch\u00fang t\u00f4i \u0111i xa h\u01a1n \u0111\u1ec3 h\u1ed7 tr\u1ee3 doanh nghi\u1ec7p c\u1ee7a b\u1ea1n. T\u1eeb vi\u1ec7c cung c\u1ea5p c\u00e1c s\u1ea3n ph\u1ea9m v\u00e0 xu h\u01b0\u1edbng m\u1edbi nh\u1ea5t \u0111\u1ebfn vi\u1ec7c cung c\u1ea5p t\u00e0i nguy\u00ean gi\u00e1o d\u1ee5c v\u00e0 \u0111\u00e0o t\u1ea1o, ch\u00fang t\u00f4i lu\u00f4n s\u1eb5n s\u00e0ng gi\u00fap b\u1ea1n \u0111i tr\u01b0\u1edbc xu h\u01b0\u1edbng v\u00e0 th\u00e0nh c\u00f4ng trong ng\u00e0nh l\u00e0m \u0111\u1eb9p lu\u00f4n thay \u0111\u1ed5i.<\/p>\n<p><strong>K\u1ebft Lu\u1eadn<\/strong><\/p>\n<p>L\u00e0 nh\u00e0 cung c\u1ea5p nail supply h\u00e0ng \u0111\u1ea7u t\u1ea1i Hoa K\u1ef3, c\u00f3 tr\u1ee5 s\u1edf t\u1ea1i Birmingham, Alabama, ch\u00fang t\u00f4i cam k\u1ebft gi\u00fap c\u00e1c chuy\u00ean gia l\u00e0m \u0111\u1eb9p, c\u00e1c ti\u1ec7m nail \u0111\u1ea1t \u0111\u01b0\u1ee3c m\u1ee5c ti\u00eau c\u1ee7a m\u00ecnh. V\u1edbi s\u1ef1 l\u1ef1a ch\u1ecdn s\u1ea3n ph\u1ea9m phong ph\u00fa, cam k\u1ebft v\u1ec1 ch\u1ea5t l\u01b0\u1ee3ng, gi\u00e1 c\u1ea3 c\u1ea1nh tranh v\u00e0 d\u1ecbch v\u1ee5 ch\u0103m s\u00f3c kh\u00e1ch h\u00e0ng t\u1eadn t\u00e2m, ch\u00fang t\u00f4i l\u00e0 \u0111\u1ed1i t\u00e1c \u0111\u00e1ng tin c\u1eady c\u1ee7a b\u1ea1n trong s\u1ef1 th\u00e0nh c\u00f4ng. Tham gia c\u00f9ng ch\u00fang t\u00f4i h\u00f4m nay v\u00e0 tr\u1ea3i nghi\u1ec7m s\u1ef1 kh\u00e1c bi\u1ec7t m\u00e0 cam k\u1ebft c\u1ee7a ch\u00fang t\u00f4i v\u1ec1 s\u1ef1 xu\u1ea5t s\u1eafc c\u00f3 th\u1ec3 mang l\u1ea1i cho doanh nghi\u1ec7p c\u1ee7a b\u1ea1n.[\/vc_column_text][\/vc_column][\/vc_row]<\/p>\n<\/div>","protected":false},"excerpt":{"rendered":"<p>[vc_row wrap_container=&#8221;yes&#8221; el_class=&#8221;pb-5 overflow-hidden&#8221; conditional_render=&#8221;%5B%7B%22value_role%22%3A%22administrator%22%7D%5D&#8221;][vc_column][vc_column_text css=&#8221;&#8221;]N\u1eb1m \u1edf trung t\u00e2m Birmingham, Alabama, T&amp;J Nail Supply l\u00e0 \u0111i\u1ec3m \u0111\u1ebfn uy t\u00edn cho ngu\u1ed3n cung c\u1ea5p l\u00e0m m\u00f3ng cho c\u00e1c ti\u1ec7m nail (wholesale nail supply) \u1edf Hoa K\u1ef3. V\u1edbi cam k\u1ebft s\u00e2u s\u1eafc v\u1ec1 ch\u1ea5t l\u01b0\u1ee3ng, gi\u00e1 c\u1ea3 ph\u1ea3i ch\u0103ng v\u00e0 d\u1ecbch v\u1ee5 kh\u00e1ch h\u00e0ng xu\u1ea5t s\u1eafc, ch\u00fang [&hellip;]<\/p>\n","protected":false},"author":1,"featured_media":0,"parent":0,"menu_order":0,"comment_status":"closed","ping_status":"closed","template":"","meta":{"footnotes":""},"_links":{"self":[{"href":"https:\/\/tjnailsupply.com\/vi\/wp-json\/wp\/v2\/pages\/2609"}],"collection":[{"href":"https:\/\/tjnailsupply.com\/vi\/wp-json\/wp\/v2\/pages"}],"about":[{"href":"https:\/\/tjnailsupply.com\/vi\/wp-json\/wp\/v2\/types\/page"}],"author":[{"embeddable":true,"href":"https:\/\/tjnailsupply.com\/vi\/wp-json\/wp\/v2\/users\/1"}],"replies":[{"embeddable":true,"href":"https:\/\/tjnailsupply.com\/vi\/wp-json\/wp\/v2\/comments?post=2609"}],"version-history":[{"count":16,"href":"https:\/\/tjnailsupply.com\/vi\/wp-json\/wp\/v2\/pages\/2609\/revisions"}],"predecessor-version":[{"id":3559,"href":"https:\/\/tjnailsupply.com\/vi\/wp-json\/wp\/v2\/pages\/2609\/revisions\/3559"}],"wp:attachment":[{"href":"https:\/\/tjnailsupply.com\/vi\/wp-json\/wp\/v2\/media?parent=2609"}],"curies":[{"name":"wp","href":"https:\/\/api.w.org\/{rel}","templated":true}]}}